{"id":6167,"date":"2024-05-14T12:15:23","date_gmt":"2024-05-14T10:15:23","guid":{"rendered":"https:\/\/www.ristoranterintocco.it\/prodotto\/ragout-de-sanglier\/"},"modified":"2024-10-09T11:47:00","modified_gmt":"2024-10-09T09:47:00","slug":"ragout-de-sanglier","status":"publish","type":"product","link":"https:\/\/www.ristoranterintocco.it\/fr\/prodotto\/ragout-de-sanglier\/","title":{"rendered":"Rago\u00fbt de sanglier"},"content":{"rendered":"","protected":false},"excerpt":{"rendered":"<p><strong>Le rago\u00fbt de sanglier<\/strong> est un condiment aux saveurs rustiques et intenses, parfait pour ceux qui souhaitent apporter \u00e0 leur table les saveurs authentiques de la Maremme toscane. Le rago\u00fbt de sanglier est compos\u00e9 \u00e0 100 % de viande de sanglier de notre r\u00e9gion et de sauce tomate, excellente pour les crostini et pour assaisonner les p\u00e2tes.<\/p>\n","protected":false},"featured_media":6870,"template":"","meta":[],"product_brand":[],"product_cat":[126],"product_tag":[],"class_list":{"0":"post-6167","1":"product","2":"type-product","3":"status-publish","4":"has-post-thumbnail","6":"product_cat-non-classe","8":"first","9":"instock","10":"taxable","11":"shipping-taxable","12":"purchasable","13":"product-type-simple"},"_links":{"self":[{"href":"https:\/\/www.ristoranterintocco.it\/fr\/wp-json\/wp\/v2\/product\/6167","targetHints":{"allow":["GET"]}}],"collection":[{"href":"https:\/\/www.ristoranterintocco.it\/fr\/wp-json\/wp\/v2\/product"}],"about":[{"href":"https:\/\/www.ristoranterintocco.it\/fr\/wp-json\/wp\/v2\/types\/product"}],"wp:featuredmedia":[{"embeddable":true,"href":"https:\/\/www.ristoranterintocco.it\/fr\/wp-json\/wp\/v2\/media\/6870"}],"wp:attachment":[{"href":"https:\/\/www.ristoranterintocco.it\/fr\/wp-json\/wp\/v2\/media?parent=6167"}],"wp:term":[{"taxonomy":"product_brand","embeddable":true,"href":"https:\/\/www.ristoranterintocco.it\/fr\/wp-json\/wp\/v2\/product_brand?post=6167"},{"taxonomy":"product_cat","embeddable":true,"href":"https:\/\/www.ristoranterintocco.it\/fr\/wp-json\/wp\/v2\/product_cat?post=6167"},{"taxonomy":"product_tag","embeddable":true,"href":"https:\/\/www.ristoranterintocco.it\/fr\/wp-json\/wp\/v2\/product_tag?post=6167"}],"curies":[{"name":"wp","href":"https:\/\/api.w.org\/{rel}","templated":true}]}}