{"id":6161,"date":"2024-10-01T15:24:21","date_gmt":"2024-10-01T13:24:21","guid":{"rendered":"https:\/\/www.ristoranterintocco.it\/prodotto\/ragout-toscan\/"},"modified":"2024-10-09T11:46:16","modified_gmt":"2024-10-09T09:46:16","slug":"ragout-toscan","status":"publish","type":"product","link":"https:\/\/www.ristoranterintocco.it\/fr\/prodotto\/ragout-toscan\/","title":{"rendered":"Rago\u00fbt toscan"},"content":{"rendered":"","protected":false},"excerpt":{"rendered":"<p>Le <strong>rag\u00f9 toscan<\/strong> est un condiment riche et savoureux, une variante du rag\u00f9 bolognais traditionnel. Contrairement \u00e0 ce dernier, qui se compose uniquement de viande de b\u0153uf hach\u00e9e, le rag\u00f9 toscan comprend \u00e9galement de la saucisse.<\/p>\n","protected":false},"featured_media":6866,"template":"","meta":[],"product_brand":[],"product_cat":[126],"product_tag":[],"class_list":{"0":"post-6161","1":"product","2":"type-product","3":"status-publish","4":"has-post-thumbnail","6":"product_cat-non-classe","8":"first","9":"instock","10":"taxable","11":"shipping-taxable","12":"purchasable","13":"product-type-simple"},"_links":{"self":[{"href":"https:\/\/www.ristoranterintocco.it\/fr\/wp-json\/wp\/v2\/product\/6161","targetHints":{"allow":["GET"]}}],"collection":[{"href":"https:\/\/www.ristoranterintocco.it\/fr\/wp-json\/wp\/v2\/product"}],"about":[{"href":"https:\/\/www.ristoranterintocco.it\/fr\/wp-json\/wp\/v2\/types\/product"}],"wp:featuredmedia":[{"embeddable":true,"href":"https:\/\/www.ristoranterintocco.it\/fr\/wp-json\/wp\/v2\/media\/6866"}],"wp:attachment":[{"href":"https:\/\/www.ristoranterintocco.it\/fr\/wp-json\/wp\/v2\/media?parent=6161"}],"wp:term":[{"taxonomy":"product_brand","embeddable":true,"href":"https:\/\/www.ristoranterintocco.it\/fr\/wp-json\/wp\/v2\/product_brand?post=6161"},{"taxonomy":"product_cat","embeddable":true,"href":"https:\/\/www.ristoranterintocco.it\/fr\/wp-json\/wp\/v2\/product_cat?post=6161"},{"taxonomy":"product_tag","embeddable":true,"href":"https:\/\/www.ristoranterintocco.it\/fr\/wp-json\/wp\/v2\/product_tag?post=6161"}],"curies":[{"name":"wp","href":"https:\/\/api.w.org\/{rel}","templated":true}]}}