{"id":6155,"date":"2024-10-01T15:33:06","date_gmt":"2024-10-01T13:33:06","guid":{"rendered":"https:\/\/www.ristoranterintocco.it\/prodotto\/creme-de-courgettes\/"},"modified":"2024-10-09T11:44:53","modified_gmt":"2024-10-09T09:44:53","slug":"creme-de-courgettes","status":"publish","type":"product","link":"https:\/\/www.ristoranterintocco.it\/fr\/prodotto\/creme-de-courgettes\/","title":{"rendered":"Cr\u00e8me de courgettes"},"content":{"rendered":"","protected":false},"excerpt":{"rendered":"<p>La <strong>cr\u00e8me de courgettes<\/strong> est un plat simple et sain, id\u00e9al pour les beaux jours, \u00e0 base de courgettes, d&rsquo;oignons et de biscuits sal\u00e9s.<br \/>\n<strong><br \/>\nUtilisation:<br \/>\n<\/strong>Excellente sur du pain, accompagn\u00e9e d&rsquo;anchois marin\u00e9s, de saumon, d&rsquo;espadon fum\u00e9, de thon fum\u00e9. On peut l&rsquo;utiliser pour assaisonner des p\u00e2tes accompagn\u00e9es de fromage pecorino ou de basilic. Si vous voulez essayer d&rsquo;autres variations, vous pouvez exp\u00e9rimenter avec des ingr\u00e9dients tels que les pignons de pin, le fromage pecorino et le basilic pour une cr\u00e8me de poivrons encore plus originale et color\u00e9e. Bonne cuisine !<\/p>\n","protected":false},"featured_media":6858,"template":"","meta":[],"product_brand":[],"product_cat":[126],"product_tag":[],"class_list":{"0":"post-6155","1":"product","2":"type-product","3":"status-publish","4":"has-post-thumbnail","6":"product_cat-non-classe","8":"first","9":"instock","10":"taxable","11":"shipping-taxable","12":"purchasable","13":"product-type-simple"},"_links":{"self":[{"href":"https:\/\/www.ristoranterintocco.it\/fr\/wp-json\/wp\/v2\/product\/6155","targetHints":{"allow":["GET"]}}],"collection":[{"href":"https:\/\/www.ristoranterintocco.it\/fr\/wp-json\/wp\/v2\/product"}],"about":[{"href":"https:\/\/www.ristoranterintocco.it\/fr\/wp-json\/wp\/v2\/types\/product"}],"wp:featuredmedia":[{"embeddable":true,"href":"https:\/\/www.ristoranterintocco.it\/fr\/wp-json\/wp\/v2\/media\/6858"}],"wp:attachment":[{"href":"https:\/\/www.ristoranterintocco.it\/fr\/wp-json\/wp\/v2\/media?parent=6155"}],"wp:term":[{"taxonomy":"product_brand","embeddable":true,"href":"https:\/\/www.ristoranterintocco.it\/fr\/wp-json\/wp\/v2\/product_brand?post=6155"},{"taxonomy":"product_cat","embeddable":true,"href":"https:\/\/www.ristoranterintocco.it\/fr\/wp-json\/wp\/v2\/product_cat?post=6155"},{"taxonomy":"product_tag","embeddable":true,"href":"https:\/\/www.ristoranterintocco.it\/fr\/wp-json\/wp\/v2\/product_tag?post=6155"}],"curies":[{"name":"wp","href":"https:\/\/api.w.org\/{rel}","templated":true}]}}