{"id":6149,"date":"2024-10-01T15:49:03","date_gmt":"2024-10-01T13:49:03","guid":{"rendered":"https:\/\/www.ristoranterintocco.it\/prodotto\/aurora-garden-jardin-sans-vinaigre\/"},"modified":"2024-10-09T11:44:38","modified_gmt":"2024-10-09T09:44:38","slug":"aurora-giardiniera-sans-vinaigre","status":"publish","type":"product","link":"https:\/\/www.ristoranterintocco.it\/fr\/prodotto\/aurora-giardiniera-sans-vinaigre\/","title":{"rendered":"Aurora Giardiniera sans vinaigre"},"content":{"rendered":"","protected":false},"excerpt":{"rendered":"<p><strong>Aurora Giardiniera sans vinaigre<\/strong> est une d\u00e9licieuse sp\u00e9cialit\u00e9, compos\u00e9e d&rsquo;eau, de citron et d&rsquo;huile, de feuilles d&rsquo;oignon, de poivrons rouges et jaunes, de c\u00e9leri friarielli et de fenouil.<\/p>\n<p><strong>Utilisation<\/strong>:<br \/>\nIls sont excellents avec le riz, les p\u00e2tes, pour accompagner les viandes en tranches, excellents pour garnir les salades et sur les l\u00e9gumes en g\u00e9n\u00e9ral.<\/p>\n","protected":false},"featured_media":6850,"template":"","meta":[],"product_brand":[],"product_cat":[126],"product_tag":[],"class_list":{"0":"post-6149","1":"product","2":"type-product","3":"status-publish","4":"has-post-thumbnail","6":"product_cat-non-classe","8":"first","9":"instock","10":"taxable","11":"shipping-taxable","12":"purchasable","13":"product-type-simple"},"_links":{"self":[{"href":"https:\/\/www.ristoranterintocco.it\/fr\/wp-json\/wp\/v2\/product\/6149","targetHints":{"allow":["GET"]}}],"collection":[{"href":"https:\/\/www.ristoranterintocco.it\/fr\/wp-json\/wp\/v2\/product"}],"about":[{"href":"https:\/\/www.ristoranterintocco.it\/fr\/wp-json\/wp\/v2\/types\/product"}],"wp:featuredmedia":[{"embeddable":true,"href":"https:\/\/www.ristoranterintocco.it\/fr\/wp-json\/wp\/v2\/media\/6850"}],"wp:attachment":[{"href":"https:\/\/www.ristoranterintocco.it\/fr\/wp-json\/wp\/v2\/media?parent=6149"}],"wp:term":[{"taxonomy":"product_brand","embeddable":true,"href":"https:\/\/www.ristoranterintocco.it\/fr\/wp-json\/wp\/v2\/product_brand?post=6149"},{"taxonomy":"product_cat","embeddable":true,"href":"https:\/\/www.ristoranterintocco.it\/fr\/wp-json\/wp\/v2\/product_cat?post=6149"},{"taxonomy":"product_tag","embeddable":true,"href":"https:\/\/www.ristoranterintocco.it\/fr\/wp-json\/wp\/v2\/product_tag?post=6149"}],"curies":[{"name":"wp","href":"https:\/\/api.w.org\/{rel}","templated":true}]}}