{"id":6168,"date":"2024-05-14T12:15:23","date_gmt":"2024-05-14T10:15:23","guid":{"rendered":"https:\/\/www.ristoranterintocco.it\/prodotto\/wildschwein-ragout\/"},"modified":"2024-10-09T11:51:32","modified_gmt":"2024-10-09T09:51:32","slug":"wildschwein-ragout","status":"publish","type":"product","link":"https:\/\/www.ristoranterintocco.it\/de\/prodotto\/wildschwein-ragout\/","title":{"rendered":"Wildschwein Ragout"},"content":{"rendered":"","protected":false},"excerpt":{"rendered":"<p><strong>Wildschweinragout<\/strong> ist ein Gew\u00fcrz mit rustikalem und intensivem Geschmack, perfekt f\u00fcr alle, die die authentischen Aromen der toskanischen Maremma auf den Tisch bringen m\u00f6chten. Wildschweinragout besteht zu 100% aus Wildschweinfleisch aus unserer Region mit Tomatensauce, die sich hervorragend f\u00fcr Crostini und zum W\u00fcrzen von Pasta eignet.<\/p>\n","protected":false},"featured_media":6871,"template":"","meta":[],"product_brand":[],"product_cat":[127],"product_tag":[],"class_list":{"0":"post-6168","1":"product","2":"type-product","3":"status-publish","4":"has-post-thumbnail","6":"product_cat-uncategorized","8":"first","9":"instock","10":"taxable","11":"shipping-taxable","12":"purchasable","13":"product-type-simple"},"_links":{"self":[{"href":"https:\/\/www.ristoranterintocco.it\/de\/wp-json\/wp\/v2\/product\/6168","targetHints":{"allow":["GET"]}}],"collection":[{"href":"https:\/\/www.ristoranterintocco.it\/de\/wp-json\/wp\/v2\/product"}],"about":[{"href":"https:\/\/www.ristoranterintocco.it\/de\/wp-json\/wp\/v2\/types\/product"}],"wp:featuredmedia":[{"embeddable":true,"href":"https:\/\/www.ristoranterintocco.it\/de\/wp-json\/wp\/v2\/media\/6871"}],"wp:attachment":[{"href":"https:\/\/www.ristoranterintocco.it\/de\/wp-json\/wp\/v2\/media?parent=6168"}],"wp:term":[{"taxonomy":"product_brand","embeddable":true,"href":"https:\/\/www.ristoranterintocco.it\/de\/wp-json\/wp\/v2\/product_brand?post=6168"},{"taxonomy":"product_cat","embeddable":true,"href":"https:\/\/www.ristoranterintocco.it\/de\/wp-json\/wp\/v2\/product_cat?post=6168"},{"taxonomy":"product_tag","embeddable":true,"href":"https:\/\/www.ristoranterintocco.it\/de\/wp-json\/wp\/v2\/product_tag?post=6168"}],"curies":[{"name":"wp","href":"https:\/\/api.w.org\/{rel}","templated":true}]}}