{"id":6165,"date":"2024-10-01T15:18:25","date_gmt":"2024-10-01T13:18:25","guid":{"rendered":"https:\/\/www.ristoranterintocco.it\/prodotto\/leberpastete\/"},"modified":"2024-10-09T11:51:20","modified_gmt":"2024-10-09T09:51:20","slug":"leberpastete","status":"publish","type":"product","link":"https:\/\/www.ristoranterintocco.it\/de\/prodotto\/leberpastete\/","title":{"rendered":"Leberpastete"},"content":{"rendered":"","protected":false},"excerpt":{"rendered":"<p>H<strong>\u00fchnerleberpastete <\/strong>, H\u00fchnerleber 53%, Rinderhackfleisch 16%, gebratene Zwiebel, Sellerie, Karotten, Evo-\u00d6l, Kapern, Sardellenpaste, Wei\u00dfwein.<\/p>\n<p><strong>Verwendung:<br \/>\n<\/strong>Perfekt f\u00fcr Crostini alla toscana, aber auch zum W\u00fcrzen von Penne H\u00fchnerleberpastete und Sahne oder Tr\u00fcffel\u00f6l.<\/p>\n","protected":false},"featured_media":6020,"template":"","meta":[],"product_brand":[],"product_cat":[127],"product_tag":[],"class_list":{"0":"post-6165","1":"product","2":"type-product","3":"status-publish","4":"has-post-thumbnail","6":"product_cat-uncategorized","8":"first","9":"instock","10":"taxable","11":"shipping-taxable","12":"purchasable","13":"product-type-simple"},"_links":{"self":[{"href":"https:\/\/www.ristoranterintocco.it\/de\/wp-json\/wp\/v2\/product\/6165","targetHints":{"allow":["GET"]}}],"collection":[{"href":"https:\/\/www.ristoranterintocco.it\/de\/wp-json\/wp\/v2\/product"}],"about":[{"href":"https:\/\/www.ristoranterintocco.it\/de\/wp-json\/wp\/v2\/types\/product"}],"wp:featuredmedia":[{"embeddable":true,"href":"https:\/\/www.ristoranterintocco.it\/de\/wp-json\/wp\/v2\/media\/6020"}],"wp:attachment":[{"href":"https:\/\/www.ristoranterintocco.it\/de\/wp-json\/wp\/v2\/media?parent=6165"}],"wp:term":[{"taxonomy":"product_brand","embeddable":true,"href":"https:\/\/www.ristoranterintocco.it\/de\/wp-json\/wp\/v2\/product_brand?post=6165"},{"taxonomy":"product_cat","embeddable":true,"href":"https:\/\/www.ristoranterintocco.it\/de\/wp-json\/wp\/v2\/product_cat?post=6165"},{"taxonomy":"product_tag","embeddable":true,"href":"https:\/\/www.ristoranterintocco.it\/de\/wp-json\/wp\/v2\/product_tag?post=6165"}],"curies":[{"name":"wp","href":"https:\/\/api.w.org\/{rel}","templated":true}]}}