{"id":6162,"date":"2024-10-01T15:24:21","date_gmt":"2024-10-01T13:24:21","guid":{"rendered":"https:\/\/www.ristoranterintocco.it\/prodotto\/toskanisches-ragout\/"},"modified":"2024-10-09T11:50:56","modified_gmt":"2024-10-09T09:50:56","slug":"toskanisches-ragout","status":"publish","type":"product","link":"https:\/\/www.ristoranterintocco.it\/de\/prodotto\/toskanisches-ragout\/","title":{"rendered":"Toskanisches Ragout"},"content":{"rendered":"","protected":false},"excerpt":{"rendered":"<p>Das <strong>toskanische Rag\u00f9<\/strong> ist ein reichhaltiges und schmackhaftes W\u00fcrzmittel, eine Abwandlung des traditionellen Rag\u00f9 Bolognese. Im Gegensatz zu letzterem, das nur mit Rinderhackfleisch zubereitet wird, enth\u00e4lt das toskanische Rag\u00f9 auch die Zugabe von Wurst.<\/p>\n","protected":false},"featured_media":6867,"template":"","meta":[],"product_brand":[],"product_cat":[127],"product_tag":[],"class_list":{"0":"post-6162","1":"product","2":"type-product","3":"status-publish","4":"has-post-thumbnail","6":"product_cat-uncategorized","8":"first","9":"instock","10":"taxable","11":"shipping-taxable","12":"purchasable","13":"product-type-simple"},"_links":{"self":[{"href":"https:\/\/www.ristoranterintocco.it\/de\/wp-json\/wp\/v2\/product\/6162","targetHints":{"allow":["GET"]}}],"collection":[{"href":"https:\/\/www.ristoranterintocco.it\/de\/wp-json\/wp\/v2\/product"}],"about":[{"href":"https:\/\/www.ristoranterintocco.it\/de\/wp-json\/wp\/v2\/types\/product"}],"wp:featuredmedia":[{"embeddable":true,"href":"https:\/\/www.ristoranterintocco.it\/de\/wp-json\/wp\/v2\/media\/6867"}],"wp:attachment":[{"href":"https:\/\/www.ristoranterintocco.it\/de\/wp-json\/wp\/v2\/media?parent=6162"}],"wp:term":[{"taxonomy":"product_brand","embeddable":true,"href":"https:\/\/www.ristoranterintocco.it\/de\/wp-json\/wp\/v2\/product_brand?post=6162"},{"taxonomy":"product_cat","embeddable":true,"href":"https:\/\/www.ristoranterintocco.it\/de\/wp-json\/wp\/v2\/product_cat?post=6162"},{"taxonomy":"product_tag","embeddable":true,"href":"https:\/\/www.ristoranterintocco.it\/de\/wp-json\/wp\/v2\/product_tag?post=6162"}],"curies":[{"name":"wp","href":"https:\/\/api.w.org\/{rel}","templated":true}]}}