{"id":6135,"date":"2021-08-12T23:14:41","date_gmt":"2021-08-12T21:14:41","guid":{"rendered":"https:\/\/www.ristoranterintocco.it\/kontakt\/"},"modified":"2024-10-08T13:38:05","modified_gmt":"2024-10-08T11:38:05","slug":"kontakt","status":"publish","type":"page","link":"https:\/\/www.ristoranterintocco.it\/de\/kontakt\/","title":{"rendered":"Kontakt"},"content":{"rendered":"\t\t<div data-elementor-type=\"wp-page\" data-elementor-id=\"6135\" class=\"elementor elementor-6135 elementor-1270\">\n\t\t\t\t\t\t<section class=\"elementor-section elementor-top-section elementor-element elementor-element-1f2a1d2 elementor-section-height-min-height elementor-section-boxed elementor-section-height-default elementor-section-items-middle e-parent\" data-id=\"1f2a1d2\" data-element_type=\"section\" data-e-type=\"section\" data-settings=\"{&quot;background_background&quot;:&quot;classic&quot;,&quot;background_motion_fx_motion_fx_scrolling&quot;:&quot;yes&quot;,&quot;background_motion_fx_translateY_effect&quot;:&quot;yes&quot;,&quot;background_motion_fx_translateY_speed&quot;:{&quot;unit&quot;:&quot;px&quot;,&quot;size&quot;:3,&quot;sizes&quot;:[]},&quot;background_motion_fx_translateY_affectedRange&quot;:{&quot;unit&quot;:&quot;%&quot;,&quot;size&quot;:&quot;&quot;,&quot;sizes&quot;:{&quot;start&quot;:20,&quot;end&quot;:80}},&quot;background_motion_fx_devices&quot;:[&quot;mobile&quot;,&quot;mobile_extra&quot;,&quot;tablet&quot;,&quot;laptop&quot;,&quot;desktop&quot;]}\">\n\t\t\t\t\t\t\t<div class=\"elementor-background-overlay\"><\/div>\n\t\t\t\t\t\t\t<div class=\"elementor-container elementor-column-gap-no\">\n\t\t\t\t\t<div class=\"elementor-column elementor-col-100 elementor-top-column elementor-element elementor-element-071f25b lakit-col-width-auto-no\" data-id=\"071f25b\" data-element_type=\"column\" data-e-type=\"column\">\n\t\t\t<div class=\"elementor-widget-wrap elementor-element-populated\">\n\t\t\t\t\t\t<div class=\"elementor-element elementor-element-45b2628 elementor-widget elementor-widget-heading\" data-id=\"45b2628\" data-element_type=\"widget\" data-e-type=\"widget\" data-widget_type=\"heading.default\">\n\t\t\t\t<div class=\"elementor-widget-container\">\n\t\t\t\t\t<h1 class=\"elementor-heading-title elementor-size-default\">Kontakt<\/h1>\t\t\t\t<\/div>\n\t\t\t\t<\/div>\n\t\t\t\t<div class=\"elementor-element elementor-element-d99e089 elementor-widget__width-initial elementor-widget elementor-widget-text-editor\" data-id=\"d99e089\" data-element_type=\"widget\" data-e-type=\"widget\" data-widget_type=\"text-editor.default\">\n\t\t\t\t<div class=\"elementor-widget-container\">\n\t\t\t\t\t\t\t\t\t<p>Wir haben eine Leidenschaft f\u00fcr gutes Essen und unvergessliche Erlebnisse f\u00fcr unsere Kunden.<\/p>\n\t\t\t\t\t\t\t\t<\/div>\n\t\t\t\t<\/div>\n\t\t\t\t\t<\/div>\n\t\t<\/div>\n\t\t\t\t\t<\/div>\n\t\t<\/section>\n\t\t\t\t<section class=\"elementor-section elementor-top-section elementor-element elementor-element-19558a7 elementor-section-boxed elementor-section-height-default elementor-section-height-default e-parent\" data-id=\"19558a7\" data-element_type=\"section\" data-e-type=\"section\">\n\t\t\t\t\t\t<div class=\"elementor-container elementor-column-gap-no\">\n\t\t\t\t\t<div class=\"elementor-column elementor-col-50 elementor-top-column elementor-element elementor-element-61a55ad lakit-col-width-auto-no\" data-id=\"61a55ad\" data-element_type=\"column\" data-e-type=\"column\">\n\t\t\t<div class=\"elementor-widget-wrap elementor-element-populated\">\n\t\t\t\t\t\t<div class=\"elementor-element elementor-element-760a421 elementor-widget elementor-widget-heading\" data-id=\"760a421\" data-element_type=\"widget\" data-e-type=\"widget\" data-widget_type=\"heading.default\">\n\t\t\t\t<div class=\"elementor-widget-container\">\n\t\t\t\t\t<h2 class=\"elementor-heading-title elementor-size-default\">Informationen<\/h2>\t\t\t\t<\/div>\n\t\t\t\t<\/div>\n\t\t\t\t<div class=\"elementor-element elementor-element-54f7686 elementor-widget__width-initial elementor-widget-mobile__width-inherit elementor-widget elementor-widget-text-editor\" data-id=\"54f7686\" data-element_type=\"widget\" data-e-type=\"widget\" data-widget_type=\"text-editor.default\">\n\t\t\t\t<div class=\"elementor-widget-container\">\n\t\t\t\t\t\t\t\t\t<p>Wir freuen uns immer, von Ihnen zu h\u00f6ren! Egal, ob Sie eine Frage haben, eine Reservierung vornehmen oder uns einfach nur eine R\u00fcckmeldung geben m\u00f6chten, hier erfahren Sie, wie Sie mit uns in Kontakt treten k\u00f6nnen: <\/p>\n\t\t\t\t\t\t\t\t<\/div>\n\t\t\t\t<\/div>\n\t\t\t\t<section class=\"elementor-section elementor-inner-section elementor-element elementor-element-8d66159 elementor-section-content-middle elementor-section-boxed elementor-section-height-default elementor-section-height-default\" data-id=\"8d66159\" data-element_type=\"section\" data-e-type=\"section\">\n\t\t\t\t\t\t<div class=\"elementor-container elementor-column-gap-no\">\n\t\t\t\t\t<div class=\"elementor-column elementor-col-50 elementor-inner-column elementor-element elementor-element-dc37120 lakit-col-width-auto-no\" data-id=\"dc37120\" data-element_type=\"column\" data-e-type=\"column\">\n\t\t\t<div class=\"elementor-widget-wrap elementor-element-populated\">\n\t\t\t\t\t\t<div class=\"elementor-element elementor-element-4455e08 elementor-view-stacked elementor-shape-circle elementor-widget elementor-widget-icon\" data-id=\"4455e08\" data-element_type=\"widget\" data-e-type=\"widget\" data-widget_type=\"icon.default\">\n\t\t\t\t<div class=\"elementor-widget-container\">\n\t\t\t\t\t\t\t<div class=\"elementor-icon-wrapper\">\n\t\t\t<div class=\"elementor-icon\">\n\t\t\t<svg xmlns=\"http:\/\/www.w3.org\/2000\/svg\" width=\"300\" height=\"300\" viewBox=\"0 0 300 300\" class=\"lakit-font-icon-svg\" data-icon-name=\"pin-3-2\" data-icon-type=\"LaStudioIcons\"><path d=\"M132.9 1.2C89.1 7.5 51.3 41.4 41.1 83.1c-7.2 30-2.7 56.7 15.9 90.9 17.7 32.1 49.2 73.8 79.2 104.4l13.8 14.1 13.8-14.1c30.3-30.9 62.4-73.5 79.2-105 14.7-27.3 20.1-47.1 19.2-67.8-1.2-16.8-4.5-30-11.4-44.1-20.7-42.3-69-67.2-117.9-60.3m32.7 25.2c33.6 5.7 60.6 30 69 62.4 3.3 12.9 3.3 29.7 0 41.7-6 21-24.6 53.1-50.4 85.8-13.5 17.7-32.7 39.9-34.2 39.9s-20.7-22.5-34.8-40.5c-25.2-32.4-43.8-64.2-49.8-85.2-7.2-26.7.9-58.2 20.7-78.3C107.4 30 135.3 21 165.6 26.4m-22.8 36.9c-13.8 1.5-29.4 12.3-36.3 24.9-10.8 19.2-7.2 43.5 8.4 59.4 28.8 28.8 78 12.6 84.3-27.9 3.9-23.7-11.7-48-35.1-54.9-5.7-1.8-13.5-2.4-21.3-1.5m20.4 28.2c2.7 1.8 6 5.1 7.8 7.8 2.7 3.9 3 5.7 3 13.2s-.3 9.3-3.3 13.5c-1.5 2.4-5.1 6-7.5 7.5-3.6 2.7-5.7 3-13.2 3s-9.6-.3-13.2-3c-13.2-9-15.3-27.3-4.2-38.4 5.4-5.7 10.2-7.2 18.6-6.9 6 .3 8.7.9 12 3.3\" fill=\"currentColor\"\/><\/svg>\t\t\t<\/div>\n\t\t<\/div>\n\t\t\t\t\t\t<\/div>\n\t\t\t\t<\/div>\n\t\t\t\t\t<\/div>\n\t\t<\/div>\n\t\t\t\t<div class=\"elementor-column elementor-col-50 elementor-inner-column elementor-element elementor-element-719f4e4 lakit-col-width-auto-no\" data-id=\"719f4e4\" data-element_type=\"column\" data-e-type=\"column\">\n\t\t\t<div class=\"elementor-widget-wrap elementor-element-populated\">\n\t\t\t\t\t\t<div class=\"elementor-element elementor-element-808089f elementor-widget elementor-widget-text-editor\" data-id=\"808089f\" data-element_type=\"widget\" data-e-type=\"widget\" data-widget_type=\"text-editor.default\">\n\t\t\t\t<div class=\"elementor-widget-container\">\n\t\t\t\t\t\t\t\t\t<p><a href=\"https:\/\/www.google.com\/maps\/place\/\/data=!4m2!3m1!1s0x13290b1ddd97b07f:0xb565bfbcd9decb98?sa=X&amp;ved=1t:8290&amp;ictx=111\">Piazza Guglielmo Marconi, 3, 58044 Cinigiano GR<\/a><\/p>\n\t\t\t\t\t\t\t\t<\/div>\n\t\t\t\t<\/div>\n\t\t\t\t\t<\/div>\n\t\t<\/div>\n\t\t\t\t\t<\/div>\n\t\t<\/section>\n\t\t\t\t<section class=\"elementor-section elementor-inner-section elementor-element elementor-element-5669b7c elementor-section-content-middle elementor-section-boxed elementor-section-height-default elementor-section-height-default\" data-id=\"5669b7c\" data-element_type=\"section\" data-e-type=\"section\">\n\t\t\t\t\t\t<div class=\"elementor-container elementor-column-gap-no\">\n\t\t\t\t\t<div class=\"elementor-column elementor-col-33 elementor-inner-column elementor-element elementor-element-675ce0a lakit-col-width-auto-no\" data-id=\"675ce0a\" data-element_type=\"column\" data-e-type=\"column\">\n\t\t\t<div class=\"elementor-widget-wrap elementor-element-populated\">\n\t\t\t\t\t\t<div class=\"elementor-element elementor-element-9c26015 elementor-view-stacked elementor-shape-circle elementor-widget elementor-widget-icon\" data-id=\"9c26015\" data-element_type=\"widget\" data-e-type=\"widget\" data-widget_type=\"icon.default\">\n\t\t\t\t<div class=\"elementor-widget-container\">\n\t\t\t\t\t\t\t<div class=\"elementor-icon-wrapper\">\n\t\t\t<div class=\"elementor-icon\">\n\t\t\t<svg xmlns=\"http:\/\/www.w3.org\/2000\/svg\" width=\"300\" height=\"300\" viewBox=\"0 0 300 300\" class=\"lakit-font-icon-svg\" data-icon-name=\"phone-2\" data-icon-type=\"LaStudioIcons\"><path d=\"M24 32.7L-.3 57.3l.6 15.6C5.1 168 62.4 248.4 150.9 283.5c23.4 9.3 49.2 14.7 76.2 16.2l15.6.6 24.6-24.3c13.5-13.5 24.6-25.2 24.6-25.8s-18-18.9-39.6-40.8l-39.6-39.6-18.6 18.9-18.9 18.6-41.4-41.1-41.1-41.4 18.6-18.9 18.9-18.6-39.6-39.6C68.7 26.1 50.4 8.1 49.8 8.1S37.5 19.2 24 32.7m48.9 32.7l21.9 21.9-18.6 18.6-18.9 18.9 59.1 58.8 58.8 59.1 18.9-18.9 18.6-18.6 22.2 22.2 22.2 22.2-12.9 12.9-12.6 12.9-12.3-1.2c-34.5-3.3-64.8-13.5-93.9-31.5-56.7-35.4-94.2-96.3-99.6-162.3l-.9-12 12.6-12.6c6.6-6.9 12.6-12.6 12.9-12.6s10.5 9.9 22.5 22.2\" fill=\"currentColor\"\/><\/svg>\t\t\t<\/div>\n\t\t<\/div>\n\t\t\t\t\t\t<\/div>\n\t\t\t\t<\/div>\n\t\t\t\t\t<\/div>\n\t\t<\/div>\n\t\t\t\t<div class=\"elementor-column elementor-col-66 elementor-inner-column elementor-element elementor-element-65aa313 lakit-col-width-auto-no\" data-id=\"65aa313\" data-element_type=\"column\" data-e-type=\"column\">\n\t\t\t<div class=\"elementor-widget-wrap elementor-element-populated\">\n\t\t\t\t\t\t<div class=\"elementor-element elementor-element-5ac2874 elementor-widget elementor-widget-text-editor\" data-id=\"5ac2874\" data-element_type=\"widget\" data-e-type=\"widget\" data-widget_type=\"text-editor.default\">\n\t\t\t\t<div class=\"elementor-widget-container\">\n\t\t\t\t\t\t\t\t\t<p><a href=\"tel:0564 20994120\">0564 994120<\/a><\/p>\n\t\t\t\t\t\t\t\t<\/div>\n\t\t\t\t<\/div>\n\t\t\t\t\t<\/div>\n\t\t<\/div>\n\t\t\t\t\t<\/div>\n\t\t<\/section>\n\t\t\t\t<section class=\"elementor-section elementor-inner-section elementor-element elementor-element-60a4a19 elementor-section-content-middle elementor-section-boxed elementor-section-height-default elementor-section-height-default\" data-id=\"60a4a19\" data-element_type=\"section\" data-e-type=\"section\">\n\t\t\t\t\t\t<div class=\"elementor-container elementor-column-gap-no\">\n\t\t\t\t\t<div class=\"elementor-column elementor-col-50 elementor-inner-column elementor-element elementor-element-f11c437 lakit-col-width-auto-no\" data-id=\"f11c437\" data-element_type=\"column\" data-e-type=\"column\">\n\t\t\t<div class=\"elementor-widget-wrap elementor-element-populated\">\n\t\t\t\t\t\t<div class=\"elementor-element elementor-element-8571982 elementor-view-stacked elementor-shape-circle elementor-widget elementor-widget-icon\" data-id=\"8571982\" data-element_type=\"widget\" data-e-type=\"widget\" data-widget_type=\"icon.default\">\n\t\t\t\t<div class=\"elementor-widget-container\">\n\t\t\t\t\t\t\t<div class=\"elementor-icon-wrapper\">\n\t\t\t<div class=\"elementor-icon\">\n\t\t\t<svg xmlns=\"http:\/\/www.w3.org\/2000\/svg\" width=\"300\" height=\"300\" viewBox=\"0 0 300 300\" class=\"lakit-font-icon-svg\" data-icon-name=\"mail\" data-icon-type=\"LaStudioIcons\"><path d=\"M27 26.1c-3.6.9-8.1 2.4-10.2 3.6-5.1 2.7-11.4 10.2-14.1 16.8C.6 51.9.6 56.7.6 150.6V249l2.7 6c4.8 10.5 13.2 17.1 25.2 19.2 9.9 1.8 233.1 1.8 243 0 12-2.1 20.4-8.7 25.2-19.2l2.7-6v-98.4c0-93.9 0-98.7-2.1-104.1-2.7-6.9-9-14.1-14.7-17.1-2.4-1.2-7.5-2.7-11.4-3.6C261 24 35.7 24.3 27 26.1m225.6 26.4c-1.5 1.2-24.9 22.2-52.2 47.1s-49.8 45-50.4 45-23.1-20.1-50.4-45-50.7-45.9-52.2-47.1c-2.1-1.8 3.3-2.1 102.6-2.1s104.7.3 102.6 2.1M91.8 126.3l58.2 53.1 62.4-56.7 62.4-57 .3 85.8c.3 47.1 0 87.6-.3 89.7s-1.8 4.8-3 6c-2.1 2.4-5.1 2.4-121.8 2.4-115.8 0-119.4 0-122.1-2.1l-2.7-2.4-.3-90-.3-90 4.5 4.2c2.4 2.4 30.6 27.9 62.7 57\" fill=\"currentColor\"\/><\/svg>\t\t\t<\/div>\n\t\t<\/div>\n\t\t\t\t\t\t<\/div>\n\t\t\t\t<\/div>\n\t\t\t\t\t<\/div>\n\t\t<\/div>\n\t\t\t\t<div class=\"elementor-column elementor-col-50 elementor-inner-column elementor-element elementor-element-c3d8936 lakit-col-width-auto-no\" data-id=\"c3d8936\" data-element_type=\"column\" data-e-type=\"column\">\n\t\t\t<div class=\"elementor-widget-wrap elementor-element-populated\">\n\t\t\t\t\t\t<div class=\"elementor-element elementor-element-366372e elementor-widget elementor-widget-text-editor\" data-id=\"366372e\" data-element_type=\"widget\" data-e-type=\"widget\" data-widget_type=\"text-editor.default\">\n\t\t\t\t<div class=\"elementor-widget-container\">\n\t\t\t\t\t\t\t\t\t<p><a href=\"mailto:f.panfi@gmail.com\">f.panfi@gmail.com<\/a><\/p>\n\t\t\t\t\t\t\t\t<\/div>\n\t\t\t\t<\/div>\n\t\t\t\t\t<\/div>\n\t\t<\/div>\n\t\t\t\t\t<\/div>\n\t\t<\/section>\n\t\t\t\t\t<\/div>\n\t\t<\/div>\n\t\t\t\t<div class=\"elementor-column elementor-col-50 elementor-top-column elementor-element elementor-element-9175921 lakit-col-width-auto-no\" data-id=\"9175921\" data-element_type=\"column\" data-e-type=\"column\">\n\t\t\t<div class=\"elementor-widget-wrap elementor-element-populated\">\n\t\t\t\t\t\t<div class=\"elementor-element elementor-element-e207987 elementor-widget elementor-widget-image\" data-id=\"e207987\" data-element_type=\"widget\" data-e-type=\"widget\" data-widget_type=\"image.default\">\n\t\t\t\t<div class=\"elementor-widget-container\">\n\t\t\t\t\t\t\t\t\t\t\t\t\t\t\t<img fetchpriority=\"high\" decoding=\"async\" width=\"1751\" height=\"2048\" src=\"https:\/\/www.ristoranterintocco.it\/wp-content\/uploads\/2024\/06\/RRF0044.jpg\" class=\"attachment-large size-large wp-image-6035\" alt=\"\" srcset=\"https:\/\/www.ristoranterintocco.it\/wp-content\/uploads\/2024\/06\/RRF0044.jpg 1751w, https:\/\/www.ristoranterintocco.it\/wp-content\/uploads\/2024\/06\/RRF0044-1313x1536.jpg 1313w\" sizes=\"(max-width: 1751px) 100vw, 1751px\" \/>\t\t\t\t\t\t\t\t\t\t\t\t\t\t\t<\/div>\n\t\t\t\t<\/div>\n\t\t\t\t\t<\/div>\n\t\t<\/div>\n\t\t\t\t\t<\/div>\n\t\t<\/section>\n\t\t\t\t<section class=\"elementor-section elementor-top-section elementor-element elementor-element-e822f1f elementor-section-full_width elementor-section-height-default elementor-section-height-default e-parent\" data-id=\"e822f1f\" data-element_type=\"section\" data-e-type=\"section\">\n\t\t\t\t\t\t<div class=\"elementor-container elementor-column-gap-no\">\n\t\t\t\t\t<div class=\"elementor-column elementor-col-100 elementor-top-column elementor-element elementor-element-19ebb89 lakit-col-width-auto-no\" data-id=\"19ebb89\" data-element_type=\"column\" data-e-type=\"column\">\n\t\t\t<div class=\"elementor-widget-wrap elementor-element-populated\">\n\t\t\t\t\t\t<div class=\"elementor-element elementor-element-18511c8 elementor-widget elementor-widget-html\" data-id=\"18511c8\" data-element_type=\"widget\" data-e-type=\"widget\" data-widget_type=\"html.default\">\n\t\t\t\t<div class=\"elementor-widget-container\">\n\t\t\t\t\t<div style=\"width: 100%\"><iframe width=\"100%\" height=\"600\" frameborder=\"0\" scrolling=\"no\" marginheight=\"0\" marginwidth=\"0\" src=\"https:\/\/maps.google.com\/maps?width=100%25&amp;height=600&amp;hl=en&amp;q=Ristorante%20rintocco%20Piazza%20Guglielmo%20Marconi,%203,%2058044%20Cinigiano%20GR+(rintocco)&amp;t=&amp;z=19&amp;ie=UTF8&amp;iwloc=B&amp;output=embed\"><a href=\"https:\/\/www.gps.ie\/\">gps-fahrzeug-tracker<\/a><\/iframe><\/div>\t\t\t\t<\/div>\n\t\t\t\t<\/div>\n\t\t\t\t\t<\/div>\n\t\t<\/div>\n\t\t\t\t\t<\/div>\n\t\t<\/section>\n\t\t\t\t<\/div>\n\t\t","protected":false},"excerpt":{"rendered":"<p>Kontakt Wir haben eine Leidenschaft f\u00fcr gutes Essen und unvergessliche Erlebnisse f\u00fcr unsere Kunden. Informationen Wir freuen uns immer, von [&hellip;]<\/p>\n","protected":false},"author":1,"featured_media":0,"parent":0,"menu_order":0,"comment_status":"closed","ping_status":"closed","template":"","meta":{"footnotes":""},"class_list":["post-6135","page","type-page","status-publish","hentry"],"_links":{"self":[{"href":"https:\/\/www.ristoranterintocco.it\/de\/wp-json\/wp\/v2\/pages\/6135","targetHints":{"allow":["GET"]}}],"collection":[{"href":"https:\/\/www.ristoranterintocco.it\/de\/wp-json\/wp\/v2\/pages"}],"about":[{"href":"https:\/\/www.ristoranterintocco.it\/de\/wp-json\/wp\/v2\/types\/page"}],"author":[{"embeddable":true,"href":"https:\/\/www.ristoranterintocco.it\/de\/wp-json\/wp\/v2\/users\/1"}],"replies":[{"embeddable":true,"href":"https:\/\/www.ristoranterintocco.it\/de\/wp-json\/wp\/v2\/comments?post=6135"}],"version-history":[{"count":1,"href":"https:\/\/www.ristoranterintocco.it\/de\/wp-json\/wp\/v2\/pages\/6135\/revisions"}],"predecessor-version":[{"id":6136,"href":"https:\/\/www.ristoranterintocco.it\/de\/wp-json\/wp\/v2\/pages\/6135\/revisions\/6136"}],"wp:attachment":[{"href":"https:\/\/www.ristoranterintocco.it\/de\/wp-json\/wp\/v2\/media?parent=6135"}],"curies":[{"name":"wp","href":"https:\/\/api.w.org\/{rel}","templated":true}]}}